{"id":813,"date":"2023-09-15T08:08:41","date_gmt":"2023-09-15T08:08:41","guid":{"rendered":"https:\/\/miquelgasa.com\/el-taller\/"},"modified":"2023-12-01T11:20:05","modified_gmt":"2023-12-01T11:20:05","slug":"el-taller","status":"publish","type":"page","link":"https:\/\/miquelgasa.com\/es\/el-taller\/","title":{"rendered":"El taller"},"content":{"rendered":"\t\t<div data-elementor-type=\"wp-page\" data-elementor-id=\"813\" class=\"elementor elementor-813 elementor-62\" data-elementor-post-type=\"page\">\n\t\t\t\t\t\t\t<div class=\"elementor-element elementor-element-1e0ff647 e-con-full e-flex elementor-invisible e-con e-parent\" data-id=\"1e0ff647\" data-element_type=\"container\" data-settings=\"{&quot;background_background&quot;:&quot;classic&quot;,&quot;content_width&quot;:&quot;full&quot;,&quot;animation&quot;:&quot;fadeInDown&quot;}\" data-core-v316-plus=\"true\">\n\t\t\t\t<div class=\"elementor-element elementor-element-498813df elementor-widget elementor-widget-heading\" data-id=\"498813df\" data-element_type=\"widget\" data-widget_type=\"heading.default\">\n\t\t\t\t<div class=\"elementor-widget-container\">\n\t\t\t<style>\/*! elementor - v3.17.0 - 08-11-2023 *\/\n.elementor-heading-title{padding:0;margin:0;line-height:1}.elementor-widget-heading .elementor-heading-title[class*=elementor-size-]>a{color:inherit;font-size:inherit;line-height:inherit}.elementor-widget-heading .elementor-heading-title.elementor-size-small{font-size:15px}.elementor-widget-heading .elementor-heading-title.elementor-size-medium{font-size:19px}.elementor-widget-heading .elementor-heading-title.elementor-size-large{font-size:29px}.elementor-widget-heading .elementor-heading-title.elementor-size-xl{font-size:39px}.elementor-widget-heading .elementor-heading-title.elementor-size-xxl{font-size:59px}<\/style><h1 class=\"elementor-heading-title elementor-size-default\">Servicios de Reparaci\u00f3n de Coches<\/h1>\t\t<\/div>\n\t\t\t\t<\/div>\n\t\t\t\t<\/div>\n\t\t<div class=\"elementor-element elementor-element-27981a8 e-flex e-con-boxed elementor-invisible e-con e-parent\" data-id=\"27981a8\" data-element_type=\"container\" data-settings=\"{&quot;background_background&quot;:&quot;gradient&quot;,&quot;animation&quot;:&quot;fadeInDown&quot;,&quot;content_width&quot;:&quot;boxed&quot;}\" data-core-v316-plus=\"true\">\n\t\t\t\t\t<div class=\"e-con-inner\">\n\t\t<div class=\"elementor-element elementor-element-b3649ba e-con-full e-flex e-con e-child\" data-id=\"b3649ba\" data-element_type=\"container\" data-settings=\"{&quot;content_width&quot;:&quot;full&quot;}\">\n\t\t\t\t<div class=\"elementor-element elementor-element-07539fa elementor-widget elementor-widget-heading\" data-id=\"07539fa\" data-element_type=\"widget\" data-widget_type=\"heading.default\">\n\t\t\t\t<div class=\"elementor-widget-container\">\n\t\t\t<h2 class=\"elementor-heading-title elementor-size-default\">Nuestro taller<\/h2>\t\t<\/div>\n\t\t\t\t<\/div>\n\t\t\t\t<div class=\"elementor-element elementor-element-ad5551b elementor-widget elementor-widget-text-editor\" data-id=\"ad5551b\" data-element_type=\"widget\" data-widget_type=\"text-editor.default\">\n\t\t\t\t<div class=\"elementor-widget-container\">\n\t\t\t<style>\/*! elementor - v3.17.0 - 08-11-2023 *\/\n.elementor-widget-text-editor.elementor-drop-cap-view-stacked .elementor-drop-cap{background-color:#69727d;color:#fff}.elementor-widget-text-editor.elementor-drop-cap-view-framed .elementor-drop-cap{color:#69727d;border:3px solid;background-color:transparent}.elementor-widget-text-editor:not(.elementor-drop-cap-view-default) .elementor-drop-cap{margin-top:8px}.elementor-widget-text-editor:not(.elementor-drop-cap-view-default) .elementor-drop-cap-letter{width:1em;height:1em}.elementor-widget-text-editor .elementor-drop-cap{float:left;text-align:center;line-height:1;font-size:50px}.elementor-widget-text-editor .elementor-drop-cap-letter{display:inline-block}<\/style>\t\t\t\t<p><strong>Somos profesionales con muchos a\u00f1os de experiencia en el sector y sistem\u00e1ticamente formados en las tecnolog\u00edas m\u00e1s modernas, lo cual nos permite garantizar la resoluci\u00f3n de cualquier intervenci\u00f3n en vuestro veh\u00edculo de la manera m\u00e1s profesional.<\/strong><\/p><p><strong>A nuestras instalaciones podemos realizar cualquier reparaci\u00f3n, desde la m\u00e1s simple y r\u00e1pida hasta la m\u00e1s compleja. Desde intervenciones en la mec\u00e1nica de vuestro veh\u00edculo, hasta electricidad, electr\u00f3nica, transmisi\u00f3n, etc.<\/strong><\/p>\t\t\t\t\t\t<\/div>\n\t\t\t\t<\/div>\n\t\t\t\t<\/div>\n\t\t<div class=\"elementor-element elementor-element-90d26e0 e-con-full e-flex e-con e-child\" data-id=\"90d26e0\" data-element_type=\"container\" data-settings=\"{&quot;content_width&quot;:&quot;full&quot;,&quot;background_background&quot;:&quot;classic&quot;}\">\n\t\t\t\t<div class=\"elementor-element elementor-element-43a851f elementor-widget elementor-widget-image\" data-id=\"43a851f\" data-element_type=\"widget\" data-widget_type=\"image.default\">\n\t\t\t\t<div class=\"elementor-widget-container\">\n\t\t\t<style>\/*! elementor - v3.17.0 - 08-11-2023 *\/\n.elementor-widget-image{text-align:center}.elementor-widget-image a{display:inline-block}.elementor-widget-image a img[src$=\".svg\"]{width:48px}.elementor-widget-image img{vertical-align:middle;display:inline-block}<\/style>\t\t\t\t\t\t\t\t\t\t\t\t<img loading=\"lazy\" decoding=\"async\" width=\"800\" height=\"772\" src=\"https:\/\/miquelgasa.com\/wp-content\/uploads\/2023\/09\/4-e1695368906201-1024x988.png\" class=\"attachment-large size-large wp-image-28\" alt=\"\" srcset=\"https:\/\/miquelgasa.com\/wp-content\/uploads\/2023\/09\/4-e1695368906201-1024x988.png 1024w, https:\/\/miquelgasa.com\/wp-content\/uploads\/2023\/09\/4-e1695368906201-600x579.png 600w, https:\/\/miquelgasa.com\/wp-content\/uploads\/2023\/09\/4-e1695368906201-300x289.png 300w, https:\/\/miquelgasa.com\/wp-content\/uploads\/2023\/09\/4-e1695368906201-768x741.png 768w, https:\/\/miquelgasa.com\/wp-content\/uploads\/2023\/09\/4-e1695368906201-1536x1482.png 1536w, https:\/\/miquelgasa.com\/wp-content\/uploads\/2023\/09\/4-e1695368906201-2048x1976.png 2048w\" sizes=\"(max-width: 800px) 100vw, 800px\" \/>\t\t\t\t\t\t\t\t\t\t\t\t\t\t\t<\/div>\n\t\t\t\t<\/div>\n\t\t\t\t<\/div>\n\t\t\t\t\t<\/div>\n\t\t\t\t<\/div>\n\t\t<div class=\"elementor-element elementor-element-0bdc66b e-flex e-con-boxed e-con e-parent\" data-id=\"0bdc66b\" data-element_type=\"container\" data-settings=\"{&quot;content_width&quot;:&quot;boxed&quot;}\" data-core-v316-plus=\"true\">\n\t\t\t\t\t<div class=\"e-con-inner\">\n\t\t<div class=\"elementor-element elementor-element-f1e3e36 grow e-flex e-con-boxed e-con e-child\" data-id=\"f1e3e36\" data-element_type=\"container\" data-settings=\"{&quot;background_background&quot;:&quot;classic&quot;,&quot;content_width&quot;:&quot;boxed&quot;}\">\n\t\t\t\t\t<div class=\"e-con-inner\">\n\t\t\t\t<div class=\"elementor-element elementor-element-4f6f317 elementor-widget elementor-widget-image\" data-id=\"4f6f317\" data-element_type=\"widget\" data-widget_type=\"image.default\">\n\t\t\t\t<div class=\"elementor-widget-container\">\n\t\t\t\t\t\t\t\t\t\t\t\t\t\t\t<img loading=\"lazy\" decoding=\"async\" width=\"800\" height=\"800\" src=\"https:\/\/miquelgasa.com\/wp-content\/uploads\/2023\/09\/3-1-1024x1024.png\" class=\"attachment-large size-large wp-image-32\" alt=\"\" srcset=\"https:\/\/miquelgasa.com\/wp-content\/uploads\/2023\/09\/3-1-1024x1024.png 1024w, https:\/\/miquelgasa.com\/wp-content\/uploads\/2023\/09\/3-1-300x300.png 300w, https:\/\/miquelgasa.com\/wp-content\/uploads\/2023\/09\/3-1-100x100.png 100w, https:\/\/miquelgasa.com\/wp-content\/uploads\/2023\/09\/3-1-600x600.png 600w, https:\/\/miquelgasa.com\/wp-content\/uploads\/2023\/09\/3-1-150x150.png 150w, https:\/\/miquelgasa.com\/wp-content\/uploads\/2023\/09\/3-1-768x768.png 768w, https:\/\/miquelgasa.com\/wp-content\/uploads\/2023\/09\/3-1.png 1080w\" sizes=\"(max-width: 800px) 100vw, 800px\" \/>\t\t\t\t\t\t\t\t\t\t\t\t\t\t\t<\/div>\n\t\t\t\t<\/div>\n\t\t\t\t<div class=\"elementor-element elementor-element-30b9e4b elementor-widget elementor-widget-heading\" data-id=\"30b9e4b\" data-element_type=\"widget\" data-widget_type=\"heading.default\">\n\t\t\t\t<div class=\"elementor-widget-container\">\n\t\t\t<h2 class=\"elementor-heading-title elementor-size-default\">NORMATIVA<\/h2>\t\t<\/div>\n\t\t\t\t<\/div>\n\t\t\t\t\t<\/div>\n\t\t\t\t<\/div>\n\t\t<div class=\"elementor-element elementor-element-3892886 grow e-flex e-con-boxed e-con e-child\" data-id=\"3892886\" data-element_type=\"container\" data-settings=\"{&quot;background_background&quot;:&quot;classic&quot;,&quot;content_width&quot;:&quot;boxed&quot;}\">\n\t\t\t\t\t<div class=\"e-con-inner\">\n\t\t\t\t<div class=\"elementor-element elementor-element-310df1b elementor-widget elementor-widget-image\" data-id=\"310df1b\" data-element_type=\"widget\" data-widget_type=\"image.default\">\n\t\t\t\t<div class=\"elementor-widget-container\">\n\t\t\t\t\t\t\t\t\t\t\t\t\t\t\t<img loading=\"lazy\" decoding=\"async\" width=\"800\" height=\"800\" src=\"https:\/\/miquelgasa.com\/wp-content\/uploads\/2023\/09\/2-1-1024x1024.png\" class=\"attachment-large size-large wp-image-31\" alt=\"\" srcset=\"https:\/\/miquelgasa.com\/wp-content\/uploads\/2023\/09\/2-1-1024x1024.png 1024w, https:\/\/miquelgasa.com\/wp-content\/uploads\/2023\/09\/2-1-300x300.png 300w, https:\/\/miquelgasa.com\/wp-content\/uploads\/2023\/09\/2-1-100x100.png 100w, https:\/\/miquelgasa.com\/wp-content\/uploads\/2023\/09\/2-1-600x600.png 600w, https:\/\/miquelgasa.com\/wp-content\/uploads\/2023\/09\/2-1-150x150.png 150w, https:\/\/miquelgasa.com\/wp-content\/uploads\/2023\/09\/2-1-768x768.png 768w, https:\/\/miquelgasa.com\/wp-content\/uploads\/2023\/09\/2-1.png 1080w\" sizes=\"(max-width: 800px) 100vw, 800px\" \/>\t\t\t\t\t\t\t\t\t\t\t\t\t\t\t<\/div>\n\t\t\t\t<\/div>\n\t\t\t\t<div class=\"elementor-element elementor-element-b7a3357 elementor-widget elementor-widget-heading\" data-id=\"b7a3357\" data-element_type=\"widget\" data-widget_type=\"heading.default\">\n\t\t\t\t<div class=\"elementor-widget-container\">\n\t\t\t<h2 class=\"elementor-heading-title elementor-size-default\">CALIDAD<\/h2>\t\t<\/div>\n\t\t\t\t<\/div>\n\t\t\t\t\t<\/div>\n\t\t\t\t<\/div>\n\t\t<div class=\"elementor-element elementor-element-43ab4f7 grow e-flex e-con-boxed e-con e-child\" data-id=\"43ab4f7\" data-element_type=\"container\" data-settings=\"{&quot;background_background&quot;:&quot;classic&quot;,&quot;content_width&quot;:&quot;boxed&quot;}\">\n\t\t\t\t\t<div class=\"e-con-inner\">\n\t\t\t\t<div class=\"elementor-element elementor-element-6a2977c elementor-widget elementor-widget-image\" data-id=\"6a2977c\" data-element_type=\"widget\" data-widget_type=\"image.default\">\n\t\t\t\t<div class=\"elementor-widget-container\">\n\t\t\t\t\t\t\t\t\t\t\t\t\t\t\t<img loading=\"lazy\" decoding=\"async\" width=\"800\" height=\"800\" src=\"https:\/\/miquelgasa.com\/wp-content\/uploads\/2023\/09\/icono-1024x1024.png\" class=\"attachment-large size-large wp-image-57\" alt=\"\" srcset=\"https:\/\/miquelgasa.com\/wp-content\/uploads\/2023\/09\/icono-1024x1024.png 1024w, https:\/\/miquelgasa.com\/wp-content\/uploads\/2023\/09\/icono-300x300.png 300w, https:\/\/miquelgasa.com\/wp-content\/uploads\/2023\/09\/icono-100x100.png 100w, https:\/\/miquelgasa.com\/wp-content\/uploads\/2023\/09\/icono-600x600.png 600w, https:\/\/miquelgasa.com\/wp-content\/uploads\/2023\/09\/icono-150x150.png 150w, https:\/\/miquelgasa.com\/wp-content\/uploads\/2023\/09\/icono-768x768.png 768w, https:\/\/miquelgasa.com\/wp-content\/uploads\/2023\/09\/icono.png 1080w\" sizes=\"(max-width: 800px) 100vw, 800px\" \/>\t\t\t\t\t\t\t\t\t\t\t\t\t\t\t<\/div>\n\t\t\t\t<\/div>\n\t\t\t\t<div class=\"elementor-element elementor-element-d808f3e elementor-widget elementor-widget-heading\" data-id=\"d808f3e\" data-element_type=\"widget\" data-widget_type=\"heading.default\">\n\t\t\t\t<div class=\"elementor-widget-container\">\n\t\t\t<h2 class=\"elementor-heading-title elementor-size-default\">RAPIDEZ<\/h2>\t\t<\/div>\n\t\t\t\t<\/div>\n\t\t\t\t\t<\/div>\n\t\t\t\t<\/div>\n\t\t\t\t\t<\/div>\n\t\t\t\t<\/div>\n\t\t<div class=\"elementor-element elementor-element-5c9026e e-flex e-con-boxed e-con e-parent\" data-id=\"5c9026e\" data-element_type=\"container\" data-settings=\"{&quot;background_background&quot;:&quot;gradient&quot;,&quot;content_width&quot;:&quot;boxed&quot;}\" data-core-v316-plus=\"true\">\n\t\t\t\t\t<div class=\"e-con-inner\">\n\t\t<div class=\"elementor-element elementor-element-96ef04d e-con-full e-flex elementor-invisible e-con e-child\" data-id=\"96ef04d\" data-element_type=\"container\" data-settings=\"{&quot;content_width&quot;:&quot;full&quot;,&quot;animation&quot;:&quot;fadeInLeft&quot;}\">\n\t\t\t\t<div class=\"elementor-element elementor-element-1ecb8eb elementor-widget elementor-widget-image\" data-id=\"1ecb8eb\" data-element_type=\"widget\" data-widget_type=\"image.default\">\n\t\t\t\t<div class=\"elementor-widget-container\">\n\t\t\t\t\t\t\t\t\t\t\t\t\t\t\t<img loading=\"lazy\" decoding=\"async\" width=\"800\" height=\"772\" src=\"https:\/\/miquelgasa.com\/wp-content\/uploads\/2023\/09\/4-e1695368906201-1024x988.png\" class=\"attachment-large size-large wp-image-28\" alt=\"\" srcset=\"https:\/\/miquelgasa.com\/wp-content\/uploads\/2023\/09\/4-e1695368906201-1024x988.png 1024w, https:\/\/miquelgasa.com\/wp-content\/uploads\/2023\/09\/4-e1695368906201-600x579.png 600w, https:\/\/miquelgasa.com\/wp-content\/uploads\/2023\/09\/4-e1695368906201-300x289.png 300w, https:\/\/miquelgasa.com\/wp-content\/uploads\/2023\/09\/4-e1695368906201-768x741.png 768w, https:\/\/miquelgasa.com\/wp-content\/uploads\/2023\/09\/4-e1695368906201-1536x1482.png 1536w, https:\/\/miquelgasa.com\/wp-content\/uploads\/2023\/09\/4-e1695368906201-2048x1976.png 2048w\" sizes=\"(max-width: 800px) 100vw, 800px\" \/>\t\t\t\t\t\t\t\t\t\t\t\t\t\t\t<\/div>\n\t\t\t\t<\/div>\n\t\t\t\t<\/div>\n\t\t<div class=\"elementor-element elementor-element-13e4b5b e-con-full e-flex e-con e-child\" data-id=\"13e4b5b\" data-element_type=\"container\" data-settings=\"{&quot;content_width&quot;:&quot;full&quot;}\">\n\t\t\t\t<div class=\"elementor-element elementor-element-bf0ed44 elementor-widget elementor-widget-text-editor\" data-id=\"bf0ed44\" data-element_type=\"widget\" data-widget_type=\"text-editor.default\">\n\t\t\t\t<div class=\"elementor-widget-container\">\n\t\t\t\t\t\t\t<p><strong>Trabajamos con todas las marcas del mercado tanto en turismos como en veh\u00edculos comerciales, gasolina o di\u00e9sel.<\/strong><\/p><p><strong>Todos nuestros servicios y productos est\u00e1n garantizados y se adaptan a las estrictas normativas de calidad vigentes.<\/strong><\/p><p><strong>La equipaci\u00f3n moderna y completa con que contamos nos permite ofrecer todos los servicios que requiere vuestro veh\u00edculo y nos posibilita intervenir en cualquier de los sistemas incorporados.<\/strong><br \/><strong>Maquinaria, elevadores, equipos de diagnosis, analizadores de gases, l\u00ednea pre-ITV, etc.<\/strong><\/p>\t\t\t\t\t\t<\/div>\n\t\t\t\t<\/div>\n\t\t\t\t<\/div>\n\t\t\t\t\t<\/div>\n\t\t\t\t<\/div>\n\t\t<div class=\"elementor-element elementor-element-51506910 e-flex e-con-boxed elementor-invisible e-con e-parent\" data-id=\"51506910\" data-element_type=\"container\" data-settings=\"{&quot;background_background&quot;:&quot;classic&quot;,&quot;animation&quot;:&quot;fadeInRight&quot;,&quot;content_width&quot;:&quot;boxed&quot;}\" data-core-v316-plus=\"true\">\n\t\t\t\t\t<div class=\"e-con-inner\">\n\t\t\t\t<div class=\"elementor-element elementor-element-7223bdea elementor-widget elementor-widget-heading\" data-id=\"7223bdea\" data-element_type=\"widget\" data-widget_type=\"heading.default\">\n\t\t\t\t<div class=\"elementor-widget-container\">\n\t\t\t<h2 class=\"elementor-heading-title elementor-size-default\">Consulta ahora nuestra Tienda En l\u00ednea!<\/h2>\t\t<\/div>\n\t\t\t\t<\/div>\n\t\t\t\t<div class=\"elementor-element elementor-element-95edec9 elementor-widget elementor-widget-button\" data-id=\"95edec9\" data-element_type=\"widget\" data-widget_type=\"button.default\">\n\t\t\t\t<div class=\"elementor-widget-container\">\n\t\t\t\t\t<div class=\"elementor-button-wrapper\">\n\t\t\t<a class=\"elementor-button elementor-button-link elementor-size-sm\" href=\"https:\/\/miquelgasa.com\/botiga\/\">\n\t\t\t\t\t\t<span class=\"elementor-button-content-wrapper\">\n\t\t\t\t\t\t<span class=\"elementor-button-text\">VER<\/span>\n\t\t<\/span>\n\t\t\t\t\t<\/a>\n\t\t<\/div>\n\t\t\t\t<\/div>\n\t\t\t\t<\/div>\n\t\t\t\t\t<\/div>\n\t\t\t\t<\/div>\n\t\t\t\t\t\t\t<\/div>\n\t\t","protected":false},"excerpt":{"rendered":"<p>Servicios de Reparaci\u00f3n de Coches Nuestro taller Somos profesionales con muchos a\u00f1os de experiencia en el sector y sistem\u00e1ticamente formados en las tecnolog\u00edas m\u00e1s modernas, lo cual nos permite garantizar la resoluci\u00f3n de cualquier intervenci\u00f3n en vuestro veh\u00edculo de la manera m\u00e1s profesional. A nuestras instalaciones podemos realizar cualquier reparaci\u00f3n, desde la m\u00e1s simple y [&hellip;]<\/p>\n","protected":false},"author":1,"featured_media":0,"parent":0,"menu_order":0,"comment_status":"closed","ping_status":"closed","template":"elementor_header_footer","meta":{"footnotes":""},"yoast_head":"<!-- This site is optimized with the Yoast SEO plugin v21.6 - https:\/\/yoast.com\/wordpress\/plugins\/seo\/ -->\n<title>Taller de reparaci\u00f3n, chapa y pintura La Pobla - Taller Miquel Gasa<\/title>\n<meta name=\"description\" content=\"Tu taller de confianza en Miquel Gasa. Reparamos coches, hacemos magia con la chapa y pintura, y te ofrecemos coches de segunda mano impecables.\" \/>\n<meta name=\"robots\" content=\"index, follow, max-snippet:-1, max-image-preview:large, max-video-preview:-1\" \/>\n<link rel=\"canonical\" href=\"https:\/\/miquelgasa.com\/el-taller\/\" \/>\n<meta property=\"og:locale\" content=\"es_ES\" \/>\n<meta property=\"og:type\" content=\"article\" \/>\n<meta property=\"og:title\" content=\"Taller de reparaci\u00f3n, chapa y pintura La Pobla - Taller Miquel Gasa\" \/>\n<meta property=\"og:description\" content=\"Tu taller de confianza en Miquel Gasa. Reparamos coches, hacemos magia con la chapa y pintura, y te ofrecemos coches de segunda mano impecables.\" \/>\n<meta property=\"og:url\" content=\"https:\/\/miquelgasa.com\/el-taller\/\" \/>\n<meta property=\"og:site_name\" content=\"Taller Miquel Gasa\" \/>\n<meta property=\"article:modified_time\" content=\"2023-12-01T11:20:05+00:00\" \/>\n<meta property=\"og:image\" content=\"https:\/\/miquelgasa.com\/wp-content\/uploads\/2023\/09\/4-e1695368906201-1024x988.png\" \/>\n<meta name=\"twitter:card\" content=\"summary_large_image\" \/>\n<meta name=\"twitter:label1\" content=\"Tiempo de lectura\" \/>\n\t<meta name=\"twitter:data1\" content=\"2 minutos\" \/>\n<script type=\"application\/ld+json\" class=\"yoast-schema-graph\">{\"@context\":\"https:\/\/schema.org\",\"@graph\":[{\"@type\":\"WebPage\",\"@id\":\"https:\/\/miquelgasa.com\/el-taller\/\",\"url\":\"https:\/\/miquelgasa.com\/el-taller\/\",\"name\":\"Taller de reparaci\u00f3n, chapa y pintura La Pobla - Taller Miquel Gasa\",\"isPartOf\":{\"@id\":\"https:\/\/miquelgasa.com\/#website\"},\"datePublished\":\"2023-09-15T08:08:41+00:00\",\"dateModified\":\"2023-12-01T11:20:05+00:00\",\"description\":\"Tu taller de confianza en Miquel Gasa. Reparamos coches, hacemos magia con la chapa y pintura, y te ofrecemos coches de segunda mano impecables.\",\"breadcrumb\":{\"@id\":\"https:\/\/miquelgasa.com\/el-taller\/#breadcrumb\"},\"inLanguage\":\"es\",\"potentialAction\":[{\"@type\":\"ReadAction\",\"target\":[\"https:\/\/miquelgasa.com\/el-taller\/\"]}]},{\"@type\":\"BreadcrumbList\",\"@id\":\"https:\/\/miquelgasa.com\/el-taller\/#breadcrumb\",\"itemListElement\":[{\"@type\":\"ListItem\",\"position\":1,\"name\":\"Portada\",\"item\":\"https:\/\/miquelgasa.com\/\"},{\"@type\":\"ListItem\",\"position\":2,\"name\":\"El taller\"}]},{\"@type\":\"WebSite\",\"@id\":\"https:\/\/miquelgasa.com\/#website\",\"url\":\"https:\/\/miquelgasa.com\/\",\"name\":\"Taller Miquel Gasa\",\"description\":\"\",\"potentialAction\":[{\"@type\":\"SearchAction\",\"target\":{\"@type\":\"EntryPoint\",\"urlTemplate\":\"https:\/\/miquelgasa.com\/?s={search_term_string}\"},\"query-input\":\"required name=search_term_string\"}],\"inLanguage\":\"es\"}]}<\/script>\n<!-- \/ Yoast SEO plugin. -->","yoast_head_json":{"title":"Taller de reparaci\u00f3n, chapa y pintura La Pobla - Taller Miquel Gasa","description":"Tu taller de confianza en Miquel Gasa. Reparamos coches, hacemos magia con la chapa y pintura, y te ofrecemos coches de segunda mano impecables.","robots":{"index":"index","follow":"follow","max-snippet":"max-snippet:-1","max-image-preview":"max-image-preview:large","max-video-preview":"max-video-preview:-1"},"canonical":"https:\/\/miquelgasa.com\/el-taller\/","og_locale":"es_ES","og_type":"article","og_title":"Taller de reparaci\u00f3n, chapa y pintura La Pobla - Taller Miquel Gasa","og_description":"Tu taller de confianza en Miquel Gasa. Reparamos coches, hacemos magia con la chapa y pintura, y te ofrecemos coches de segunda mano impecables.","og_url":"https:\/\/miquelgasa.com\/el-taller\/","og_site_name":"Taller Miquel Gasa","article_modified_time":"2023-12-01T11:20:05+00:00","og_image":[{"url":"https:\/\/miquelgasa.com\/wp-content\/uploads\/2023\/09\/4-e1695368906201-1024x988.png"}],"twitter_card":"summary_large_image","twitter_misc":{"Tiempo de lectura":"2 minutos"},"schema":{"@context":"https:\/\/schema.org","@graph":[{"@type":"WebPage","@id":"https:\/\/miquelgasa.com\/el-taller\/","url":"https:\/\/miquelgasa.com\/el-taller\/","name":"Taller de reparaci\u00f3n, chapa y pintura La Pobla - Taller Miquel Gasa","isPartOf":{"@id":"https:\/\/miquelgasa.com\/#website"},"datePublished":"2023-09-15T08:08:41+00:00","dateModified":"2023-12-01T11:20:05+00:00","description":"Tu taller de confianza en Miquel Gasa. Reparamos coches, hacemos magia con la chapa y pintura, y te ofrecemos coches de segunda mano impecables.","breadcrumb":{"@id":"https:\/\/miquelgasa.com\/el-taller\/#breadcrumb"},"inLanguage":"es","potentialAction":[{"@type":"ReadAction","target":["https:\/\/miquelgasa.com\/el-taller\/"]}]},{"@type":"BreadcrumbList","@id":"https:\/\/miquelgasa.com\/el-taller\/#breadcrumb","itemListElement":[{"@type":"ListItem","position":1,"name":"Portada","item":"https:\/\/miquelgasa.com\/"},{"@type":"ListItem","position":2,"name":"El taller"}]},{"@type":"WebSite","@id":"https:\/\/miquelgasa.com\/#website","url":"https:\/\/miquelgasa.com\/","name":"Taller Miquel Gasa","description":"","potentialAction":[{"@type":"SearchAction","target":{"@type":"EntryPoint","urlTemplate":"https:\/\/miquelgasa.com\/?s={search_term_string}"},"query-input":"required name=search_term_string"}],"inLanguage":"es"}]}},"_links":{"self":[{"href":"https:\/\/miquelgasa.com\/es\/wp-json\/wp\/v2\/pages\/813"}],"collection":[{"href":"https:\/\/miquelgasa.com\/es\/wp-json\/wp\/v2\/pages"}],"about":[{"href":"https:\/\/miquelgasa.com\/es\/wp-json\/wp\/v2\/types\/page"}],"author":[{"embeddable":true,"href":"https:\/\/miquelgasa.com\/es\/wp-json\/wp\/v2\/users\/1"}],"replies":[{"embeddable":true,"href":"https:\/\/miquelgasa.com\/es\/wp-json\/wp\/v2\/comments?post=813"}],"version-history":[{"count":7,"href":"https:\/\/miquelgasa.com\/es\/wp-json\/wp\/v2\/pages\/813\/revisions"}],"predecessor-version":[{"id":961,"href":"https:\/\/miquelgasa.com\/es\/wp-json\/wp\/v2\/pages\/813\/revisions\/961"}],"wp:attachment":[{"href":"https:\/\/miquelgasa.com\/es\/wp-json\/wp\/v2\/media?parent=813"}],"curies":[{"name":"wp","href":"https:\/\/api.w.org\/{rel}","templated":true}]}}