{"id":881,"date":"2023-09-14T14:04:27","date_gmt":"2023-09-14T14:04:27","guid":{"rendered":"https:\/\/miquelgasa.com\/politques-de-privacitat\/"},"modified":"2023-11-15T11:54:08","modified_gmt":"2023-11-15T11:54:08","slug":"politica-de-privacidad","status":"publish","type":"page","link":"https:\/\/miquelgasa.com\/es\/politica-de-privacidad\/","title":{"rendered":"Pol\u00edtica de privacidad"},"content":{"rendered":"\t\t<div data-elementor-type=\"wp-page\" data-elementor-id=\"881\" class=\"elementor elementor-881 elementor-10\" data-elementor-post-type=\"page\">\n\t\t\t\t\t\t\t<div class=\"elementor-element elementor-element-4ccda5f e-flex e-con-boxed e-con e-parent\" data-id=\"4ccda5f\" data-element_type=\"container\" data-settings=\"{&quot;content_width&quot;:&quot;boxed&quot;}\" data-core-v316-plus=\"true\">\n\t\t\t\t\t<div class=\"e-con-inner\">\n\t\t\t\t<div class=\"elementor-element elementor-element-1d186be elementor-widget elementor-widget-text-editor\" data-id=\"1d186be\" data-element_type=\"widget\" data-widget_type=\"text-editor.default\">\n\t\t\t\t<div class=\"elementor-widget-container\">\n\t\t\t<style>\/*! elementor - v3.17.0 - 08-11-2023 *\/\n.elementor-widget-text-editor.elementor-drop-cap-view-stacked .elementor-drop-cap{background-color:#69727d;color:#fff}.elementor-widget-text-editor.elementor-drop-cap-view-framed .elementor-drop-cap{color:#69727d;border:3px solid;background-color:transparent}.elementor-widget-text-editor:not(.elementor-drop-cap-view-default) .elementor-drop-cap{margin-top:8px}.elementor-widget-text-editor:not(.elementor-drop-cap-view-default) .elementor-drop-cap-letter{width:1em;height:1em}.elementor-widget-text-editor .elementor-drop-cap{float:left;text-align:center;line-height:1;font-size:50px}.elementor-widget-text-editor .elementor-drop-cap-letter{display:inline-block}<\/style>\t\t\t\t<h1>POL\u00cdTICA DE PRIVACITAT<\/h1><p><strong>Miquel Gasa, S.L.<\/strong> podr\u00e1 optar por un sistema de Lista de doble Opt-*In que supondr\u00e1 una doble validaci\u00f3n.<\/p><p>El procedimiento de Lista de doble Opt-*In consiste que el usuario se registrar\u00e1 o introducir\u00e1 sus datos a trav\u00e9s del formulario web y de manera inmediata se proceder\u00e1 a la confirmaci\u00f3n de registro a la p\u00e1gina web. Adem\u00e1s, la entidad enviar\u00e1 un correo electr\u00f3nico de confirmaci\u00f3n con el fin de comprobar que el correo introducido al formulario web es v\u00e1lido.<\/p><p>Una vez el destinatario recibe este correo tendr\u00e1 que proceder a su validaci\u00f3n y como consecuencia la entidad tendr\u00e1 la constancia que el correo electr\u00f3nico introducido es v\u00e1lido y existente.<\/p><p>En caso de que Miquel Gasa, S.L. realice comunicaciones comerciales a trav\u00e9s de correo electr\u00f3nico o medios de comunicaci\u00f3n equivalentes, tendr\u00e1 que cumplir y atender aquello establecido a la Ley 34\/2002, de 11 de julio, de Servicios de la Sociedad de la Informaci\u00f3n y de E-commerce .<\/p><p>Si Miquel Gasa, S.L. dispone de p\u00e1gina web y contiene formularios de recogida de datos, para que los usuarios de la p\u00e1gina puedan contactar con la entidad o enviar sus consultas y sugerencias, tiene que cumplir las exigencias legales en materia de protecci\u00f3n de datos .<\/p><p>En este caso, pod\u00e9is incorporar a pie del formulario esta cl\u00e1usula: En conformidad con la normativa vigente y aplicable en protecci\u00f3n de datos de car\u00e1cter personal, os informamos que vuestros datos ser\u00e1n incorporados al sistema de tratamiento titularidad de Miquel Gasa, S.L. con CIF B25598301 y domicilio social situado al Avda. Estaci\u00f3n s\/n, La Pobla de Segur 25500, L\u00e9rida (Espa\u00f1a), y que a continuaci\u00f3n se relacionan sus respectivas finalidades, plazos de conservaci\u00f3n y bases legitimadoras.<\/p><p>Para aquellos tratamientos que lo requieran, se informa tambi\u00e9n de la posible elaboraci\u00f3n de perfiles y decisiones automatizadas, as\u00ed como de las posibles cesiones y las transferencias internacionales que Miquel Gasa, S.L. tiene previsto realizar:<\/p><p>\u2013 Finalidad: Atender vuestras consultas y\/o solicitudes e instalaci\u00f3n de cookies<\/p><p>\u2013 Plazo de conservaci\u00f3n: mientras se mantenga el consentimiento prestado.<\/p><p>\u2013 Base leg\u00edtima: El consentimiento de linteressat.<\/p><p>De acuerdo con los derechos que os confiere la normativa vigente y aplicable en protecci\u00f3n de datos podr\u00e9is ejercer los derechos de acceso, rectificaci\u00f3n, limitaci\u00f3n de tratamiento, supresi\u00f3n (\u201cderecho en el olvido\u201d), portabilidad y oposici\u00f3n al tratamiento de vuestros datos de car\u00e1cter personal as\u00ed como la revocaci\u00f3n del consentimiento prestado para el tratamiento de los mismos, dirigiendo su petici\u00f3n a ladre\u00e7a Avda. Estaci\u00f3n s\/n, La Pobla de Segur 25500, L\u00e9rida (Espa\u00f1a) o al correo electr\u00f3nico info@miquelgasa.com. Podr\u00e1 dirigirse a lAutoritat de Control competente para presentar la reclamaci\u00f3n que considere oportuna. Los datos identificados con una marca () se entienden como campos obligatorios y requeridos, en consecuencia se entender\u00e1n como necesarias para emprender las finalidades mencionadas con anterioridad Con env\u00edo del formulario de recogida de datos usted acepta la pol\u00edtica de privacidad de Miquel Gasa, S.L.. Estas son nuestras pol\u00edticas de privacidad<\/p>\t\t\t\t\t\t<\/div>\n\t\t\t\t<\/div>\n\t\t\t\t\t<\/div>\n\t\t\t\t<\/div>\n\t\t\t\t\t\t\t<\/div>\n\t\t","protected":false},"excerpt":{"rendered":"<p>POL\u00cdTICA DE PRIVACITAT Miquel Gasa, S.L. podr\u00e1 optar por un sistema de Lista de doble Opt-*In que supondr\u00e1 una doble validaci\u00f3n. El procedimiento de Lista de doble Opt-*In consiste que el usuario se registrar\u00e1 o introducir\u00e1 sus datos a trav\u00e9s del formulario web y de manera inmediata se proceder\u00e1 a la confirmaci\u00f3n de registro a [&hellip;]<\/p>\n","protected":false},"author":1,"featured_media":0,"parent":0,"menu_order":0,"comment_status":"closed","ping_status":"closed","template":"elementor_header_footer","meta":{"footnotes":""},"yoast_head":"<!-- This site is optimized with the Yoast SEO plugin v21.6 - https:\/\/yoast.com\/wordpress\/plugins\/seo\/ -->\n<title>Pol\u00edtica de privacidad - Taller Miquel Gasa<\/title>\n<meta name=\"robots\" content=\"index, follow, max-snippet:-1, max-image-preview:large, max-video-preview:-1\" \/>\n<link rel=\"canonical\" href=\"https:\/\/miquelgasa.com\/politques-de-privacitat\/\" \/>\n<meta property=\"og:locale\" content=\"es_ES\" \/>\n<meta property=\"og:type\" content=\"article\" \/>\n<meta property=\"og:title\" content=\"Pol\u00edtica de privacidad - Taller Miquel Gasa\" \/>\n<meta property=\"og:description\" content=\"POL\u00cdTICA DE PRIVACITAT Miquel Gasa, S.L. podr\u00e1 optar por un sistema de Lista de doble Opt-*In que supondr\u00e1 una doble validaci\u00f3n. El procedimiento de Lista de doble Opt-*In consiste que el usuario se registrar\u00e1 o introducir\u00e1 sus datos a trav\u00e9s del formulario web y de manera inmediata se proceder\u00e1 a la confirmaci\u00f3n de registro a [&hellip;]\" \/>\n<meta property=\"og:url\" content=\"https:\/\/miquelgasa.com\/politques-de-privacitat\/\" \/>\n<meta property=\"og:site_name\" content=\"Taller Miquel Gasa\" \/>\n<meta property=\"article:modified_time\" content=\"2023-11-15T11:54:08+00:00\" \/>\n<meta name=\"twitter:card\" content=\"summary_large_image\" \/>\n<meta name=\"twitter:label1\" content=\"Tiempo de lectura\" \/>\n\t<meta name=\"twitter:data1\" content=\"3 minutos\" \/>\n<script type=\"application\/ld+json\" class=\"yoast-schema-graph\">{\"@context\":\"https:\/\/schema.org\",\"@graph\":[{\"@type\":\"WebPage\",\"@id\":\"https:\/\/miquelgasa.com\/politques-de-privacitat\/\",\"url\":\"https:\/\/miquelgasa.com\/politques-de-privacitat\/\",\"name\":\"Pol\u00edtica de privacidad - Taller Miquel Gasa\",\"isPartOf\":{\"@id\":\"https:\/\/miquelgasa.com\/#website\"},\"datePublished\":\"2023-09-14T14:04:27+00:00\",\"dateModified\":\"2023-11-15T11:54:08+00:00\",\"breadcrumb\":{\"@id\":\"https:\/\/miquelgasa.com\/politques-de-privacitat\/#breadcrumb\"},\"inLanguage\":\"es\",\"potentialAction\":[{\"@type\":\"ReadAction\",\"target\":[\"https:\/\/miquelgasa.com\/politques-de-privacitat\/\"]}]},{\"@type\":\"BreadcrumbList\",\"@id\":\"https:\/\/miquelgasa.com\/politques-de-privacitat\/#breadcrumb\",\"itemListElement\":[{\"@type\":\"ListItem\",\"position\":1,\"name\":\"Portada\",\"item\":\"https:\/\/miquelgasa.com\/\"},{\"@type\":\"ListItem\",\"position\":2,\"name\":\"Pol\u00edtica de privacidad\"}]},{\"@type\":\"WebSite\",\"@id\":\"https:\/\/miquelgasa.com\/#website\",\"url\":\"https:\/\/miquelgasa.com\/\",\"name\":\"Taller Miquel Gasa\",\"description\":\"\",\"potentialAction\":[{\"@type\":\"SearchAction\",\"target\":{\"@type\":\"EntryPoint\",\"urlTemplate\":\"https:\/\/miquelgasa.com\/?s={search_term_string}\"},\"query-input\":\"required name=search_term_string\"}],\"inLanguage\":\"es\"}]}<\/script>\n<!-- \/ Yoast SEO plugin. -->","yoast_head_json":{"title":"Pol\u00edtica de privacidad - Taller Miquel Gasa","robots":{"index":"index","follow":"follow","max-snippet":"max-snippet:-1","max-image-preview":"max-image-preview:large","max-video-preview":"max-video-preview:-1"},"canonical":"https:\/\/miquelgasa.com\/politques-de-privacitat\/","og_locale":"es_ES","og_type":"article","og_title":"Pol\u00edtica de privacidad - Taller Miquel Gasa","og_description":"POL\u00cdTICA DE PRIVACITAT Miquel Gasa, S.L. podr\u00e1 optar por un sistema de Lista de doble Opt-*In que supondr\u00e1 una doble validaci\u00f3n. El procedimiento de Lista de doble Opt-*In consiste que el usuario se registrar\u00e1 o introducir\u00e1 sus datos a trav\u00e9s del formulario web y de manera inmediata se proceder\u00e1 a la confirmaci\u00f3n de registro a [&hellip;]","og_url":"https:\/\/miquelgasa.com\/politques-de-privacitat\/","og_site_name":"Taller Miquel Gasa","article_modified_time":"2023-11-15T11:54:08+00:00","twitter_card":"summary_large_image","twitter_misc":{"Tiempo de lectura":"3 minutos"},"schema":{"@context":"https:\/\/schema.org","@graph":[{"@type":"WebPage","@id":"https:\/\/miquelgasa.com\/politques-de-privacitat\/","url":"https:\/\/miquelgasa.com\/politques-de-privacitat\/","name":"Pol\u00edtica de privacidad - Taller Miquel Gasa","isPartOf":{"@id":"https:\/\/miquelgasa.com\/#website"},"datePublished":"2023-09-14T14:04:27+00:00","dateModified":"2023-11-15T11:54:08+00:00","breadcrumb":{"@id":"https:\/\/miquelgasa.com\/politques-de-privacitat\/#breadcrumb"},"inLanguage":"es","potentialAction":[{"@type":"ReadAction","target":["https:\/\/miquelgasa.com\/politques-de-privacitat\/"]}]},{"@type":"BreadcrumbList","@id":"https:\/\/miquelgasa.com\/politques-de-privacitat\/#breadcrumb","itemListElement":[{"@type":"ListItem","position":1,"name":"Portada","item":"https:\/\/miquelgasa.com\/"},{"@type":"ListItem","position":2,"name":"Pol\u00edtica de privacidad"}]},{"@type":"WebSite","@id":"https:\/\/miquelgasa.com\/#website","url":"https:\/\/miquelgasa.com\/","name":"Taller Miquel Gasa","description":"","potentialAction":[{"@type":"SearchAction","target":{"@type":"EntryPoint","urlTemplate":"https:\/\/miquelgasa.com\/?s={search_term_string}"},"query-input":"required name=search_term_string"}],"inLanguage":"es"}]}},"_links":{"self":[{"href":"https:\/\/miquelgasa.com\/es\/wp-json\/wp\/v2\/pages\/881"}],"collection":[{"href":"https:\/\/miquelgasa.com\/es\/wp-json\/wp\/v2\/pages"}],"about":[{"href":"https:\/\/miquelgasa.com\/es\/wp-json\/wp\/v2\/types\/page"}],"author":[{"embeddable":true,"href":"https:\/\/miquelgasa.com\/es\/wp-json\/wp\/v2\/users\/1"}],"replies":[{"embeddable":true,"href":"https:\/\/miquelgasa.com\/es\/wp-json\/wp\/v2\/comments?post=881"}],"version-history":[{"count":4,"href":"https:\/\/miquelgasa.com\/es\/wp-json\/wp\/v2\/pages\/881\/revisions"}],"predecessor-version":[{"id":903,"href":"https:\/\/miquelgasa.com\/es\/wp-json\/wp\/v2\/pages\/881\/revisions\/903"}],"wp:attachment":[{"href":"https:\/\/miquelgasa.com\/es\/wp-json\/wp\/v2\/media?parent=881"}],"curies":[{"name":"wp","href":"https:\/\/api.w.org\/{rel}","templated":true}]}}