{"id":747,"date":"2023-11-03T10:58:30","date_gmt":"2023-11-03T10:58:30","guid":{"rendered":"https:\/\/miquelgasa.panelserver.me\/?post_type=product&#038;p=747"},"modified":"2023-11-15T13:00:56","modified_gmt":"2023-11-15T13:00:56","slug":"motoaixada-honda-fe500","status":"publish","type":"product","link":"https:\/\/miquelgasa.com\/es\/producto\/motoaixada-honda-fe500\/","title":{"rendered":"MOTOAIXADA HONDA FE500"},"content":{"rendered":"","protected":false},"excerpt":{"rendered":"<p>M\u00e0quina potent dissenyada per llaurar la terra i preparar-la per la sembra. Gr\u00e0cies a les seves fulles girat\u00f2ries es mesclar\u00e0 la terra facilitant les tasques de cultiu.<\/p>\n<p><strong>El preu es per d\u00eda<\/strong><\/p>\n","protected":false},"featured_media":632,"template":"","meta":[],"product_cat":[19],"product_tag":[],"yoast_head":"<!-- This site is optimized with the Yoast SEO plugin v21.6 - https:\/\/yoast.com\/wordpress\/plugins\/seo\/ -->\n<title>MOTOAIXADA HONDA FE500 - Taller Miquel Gasa<\/title>\n<meta name=\"robots\" content=\"index, follow, max-snippet:-1, max-image-preview:large, max-video-preview:-1\" \/>\n<link rel=\"canonical\" href=\"https:\/\/miquelgasa.com\/producto\/motoaixada-honda-fe500\/\" \/>\n<meta property=\"og:locale\" content=\"es_ES\" \/>\n<meta property=\"og:type\" content=\"article\" \/>\n<meta property=\"og:title\" content=\"MOTOAIXADA HONDA FE500 - Taller Miquel Gasa\" \/>\n<meta property=\"og:description\" content=\"M\u00e0quina potent dissenyada per llaurar la terra i preparar-la per la sembra. Gr\u00e0cies a les seves fulles girat\u00f2ries es mesclar\u00e0 la terra facilitant les tasques de cultiu.  El preu es per d\u00eda\" \/>\n<meta property=\"og:url\" content=\"https:\/\/miquelgasa.com\/producto\/motoaixada-honda-fe500\/\" \/>\n<meta property=\"og:site_name\" content=\"Taller Miquel Gasa\" \/>\n<meta property=\"article:modified_time\" content=\"2023-11-15T13:00:56+00:00\" \/>\n<meta property=\"og:image\" content=\"https:\/\/miquelgasa.com\/wp-content\/uploads\/2023\/10\/miquel-gasa-tallers.png\" \/>\n\t<meta property=\"og:image:width\" content=\"512\" \/>\n\t<meta property=\"og:image:height\" content=\"512\" \/>\n\t<meta property=\"og:image:type\" content=\"image\/png\" \/>\n<meta name=\"twitter:card\" content=\"summary_large_image\" \/>\n<script type=\"application\/ld+json\" class=\"yoast-schema-graph\">{\"@context\":\"https:\/\/schema.org\",\"@graph\":[{\"@type\":\"WebPage\",\"@id\":\"https:\/\/miquelgasa.com\/producto\/motoaixada-honda-fe500\/\",\"url\":\"https:\/\/miquelgasa.com\/producto\/motoaixada-honda-fe500\/\",\"name\":\"MOTOAIXADA HONDA FE500 - Taller Miquel Gasa\",\"isPartOf\":{\"@id\":\"https:\/\/miquelgasa.com\/#website\"},\"datePublished\":\"2023-11-03T10:58:30+00:00\",\"dateModified\":\"2023-11-15T13:00:56+00:00\",\"breadcrumb\":{\"@id\":\"https:\/\/miquelgasa.com\/producto\/motoaixada-honda-fe500\/#breadcrumb\"},\"inLanguage\":\"es\",\"potentialAction\":[{\"@type\":\"ReadAction\",\"target\":[\"https:\/\/miquelgasa.com\/producto\/motoaixada-honda-fe500\/\"]}]},{\"@type\":\"BreadcrumbList\",\"@id\":\"https:\/\/miquelgasa.com\/producto\/motoaixada-honda-fe500\/#breadcrumb\",\"itemListElement\":[{\"@type\":\"ListItem\",\"position\":1,\"name\":\"Portada\",\"item\":\"https:\/\/miquelgasa.com\/\"},{\"@type\":\"ListItem\",\"position\":2,\"name\":\"Tienda online\",\"item\":\"https:\/\/miquelgasa.com\/botiga-online\/\"},{\"@type\":\"ListItem\",\"position\":3,\"name\":\"MOTOAIXADA HONDA FE500\"}]},{\"@type\":\"WebSite\",\"@id\":\"https:\/\/miquelgasa.com\/#website\",\"url\":\"https:\/\/miquelgasa.com\/\",\"name\":\"Taller Miquel Gasa\",\"description\":\"\",\"potentialAction\":[{\"@type\":\"SearchAction\",\"target\":{\"@type\":\"EntryPoint\",\"urlTemplate\":\"https:\/\/miquelgasa.com\/?s={search_term_string}\"},\"query-input\":\"required name=search_term_string\"}],\"inLanguage\":\"es\"}]}<\/script>\n<!-- \/ Yoast SEO plugin. -->","yoast_head_json":{"title":"MOTOAIXADA HONDA FE500 - Taller Miquel Gasa","robots":{"index":"index","follow":"follow","max-snippet":"max-snippet:-1","max-image-preview":"max-image-preview:large","max-video-preview":"max-video-preview:-1"},"canonical":"https:\/\/miquelgasa.com\/producto\/motoaixada-honda-fe500\/","og_locale":"es_ES","og_type":"article","og_title":"MOTOAIXADA HONDA FE500 - Taller Miquel Gasa","og_description":"M\u00e0quina potent dissenyada per llaurar la terra i preparar-la per la sembra. Gr\u00e0cies a les seves fulles girat\u00f2ries es mesclar\u00e0 la terra facilitant les tasques de cultiu.  El preu es per d\u00eda","og_url":"https:\/\/miquelgasa.com\/producto\/motoaixada-honda-fe500\/","og_site_name":"Taller Miquel Gasa","article_modified_time":"2023-11-15T13:00:56+00:00","og_image":[{"width":512,"height":512,"url":"https:\/\/miquelgasa.com\/wp-content\/uploads\/2023\/10\/miquel-gasa-tallers.png","type":"image\/png"}],"twitter_card":"summary_large_image","schema":{"@context":"https:\/\/schema.org","@graph":[{"@type":"WebPage","@id":"https:\/\/miquelgasa.com\/producto\/motoaixada-honda-fe500\/","url":"https:\/\/miquelgasa.com\/producto\/motoaixada-honda-fe500\/","name":"MOTOAIXADA HONDA FE500 - Taller Miquel Gasa","isPartOf":{"@id":"https:\/\/miquelgasa.com\/#website"},"datePublished":"2023-11-03T10:58:30+00:00","dateModified":"2023-11-15T13:00:56+00:00","breadcrumb":{"@id":"https:\/\/miquelgasa.com\/producto\/motoaixada-honda-fe500\/#breadcrumb"},"inLanguage":"es","potentialAction":[{"@type":"ReadAction","target":["https:\/\/miquelgasa.com\/producto\/motoaixada-honda-fe500\/"]}]},{"@type":"BreadcrumbList","@id":"https:\/\/miquelgasa.com\/producto\/motoaixada-honda-fe500\/#breadcrumb","itemListElement":[{"@type":"ListItem","position":1,"name":"Portada","item":"https:\/\/miquelgasa.com\/"},{"@type":"ListItem","position":2,"name":"Tienda online","item":"https:\/\/miquelgasa.com\/botiga-online\/"},{"@type":"ListItem","position":3,"name":"MOTOAIXADA HONDA FE500"}]},{"@type":"WebSite","@id":"https:\/\/miquelgasa.com\/#website","url":"https:\/\/miquelgasa.com\/","name":"Taller Miquel Gasa","description":"","potentialAction":[{"@type":"SearchAction","target":{"@type":"EntryPoint","urlTemplate":"https:\/\/miquelgasa.com\/?s={search_term_string}"},"query-input":"required name=search_term_string"}],"inLanguage":"es"}]}},"_links":{"self":[{"href":"https:\/\/miquelgasa.com\/es\/wp-json\/wp\/v2\/product\/747"}],"collection":[{"href":"https:\/\/miquelgasa.com\/es\/wp-json\/wp\/v2\/product"}],"about":[{"href":"https:\/\/miquelgasa.com\/es\/wp-json\/wp\/v2\/types\/product"}],"wp:featuredmedia":[{"embeddable":true,"href":"https:\/\/miquelgasa.com\/es\/wp-json\/wp\/v2\/media\/632"}],"wp:attachment":[{"href":"https:\/\/miquelgasa.com\/es\/wp-json\/wp\/v2\/media?parent=747"}],"wp:term":[{"taxonomy":"product_cat","embeddable":true,"href":"https:\/\/miquelgasa.com\/es\/wp-json\/wp\/v2\/product_cat?post=747"},{"taxonomy":"product_tag","embeddable":true,"href":"https:\/\/miquelgasa.com\/es\/wp-json\/wp\/v2\/product_tag?post=747"}],"curies":[{"name":"wp","href":"https:\/\/api.w.org\/{rel}","templated":true}]}}